{"id":948,"date":"2018-04-05T16:47:34","date_gmt":"2018-04-05T16:47:34","guid":{"rendered":"http:\/\/oilco.it\/?post_type=product&#038;p=948"},"modified":"2018-04-05T17:15:31","modified_gmt":"2018-04-05T17:15:31","slug":"coupons-buoni-regalo-oilco","status":"publish","type":"product","link":"https:\/\/oilco.it\/?product=coupons-buoni-regalo-oilco","title":{"rendered":"Coupons Buoni Regalo OILCO Elettronici"},"content":{"rendered":"<p>Buoni Regalo Prepagati OILCO<\/p>\n<p>Coupons Regalo da poter regalare a Clienti, Fornitori, Dipendenti oppure da utilizzare semplicemente come Credito Prepagato, i Ns. Buoni sono pagabili al portatore, hanno dei numeri di serie e sono interamente fatturabili e detraibili fiscalmente.<\/p>\n<p>A differenza dei buoni su supporto cartaceo quelli elettronici sono esclusivamente dei codici AlfaNumerici inviati via PEC (Posta Elettronica Certificata) all&#8217;acquirente, l&#8217;utilizzatore invece al momento dell&#8217;acquisto dovr\u00e0 solo fornire quei codici, il Gestore del Punto Vendita li verificher\u00e0 in tempo reale ed il pagamento sar\u00e0 terminato in quel modo: FORNENDO UN CODICE!<\/p>\n<p>Il Portatore potr\u00e0 acquistare:<\/p>\n<ol>\n<li>servizi di autoriparazioni<\/li>\n<li>tagliandi<\/li>\n<li>sostituzione freni<\/li>\n<li>pneumatici<\/li>\n<li>meccatronica (informatica dell&#8217;auto ed elettrauto)<\/li>\n<li>accessori auto (tergicristalli, lampade,tappetini, batterie)<\/li>\n<li>prodotti per l&#8217;auto (lavaggio, cura, chimica)<\/li>\n<li>lubrificanti<\/li>\n<li>servizi di revisione MCTC<\/li>\n<li>servizi di manutenzione climatizzatori auto<\/li>\n<li>ricariche climatizzatori auto<\/li>\n<li>drink &amp; food<\/li>\n<li>detergenti<\/li>\n<\/ol>\n<p>tutta la gamma\u00a0 di Servizi e Prodotti del settore Automotive, Bevande, Alimentari, Detergenti, Chimica per l&#8217;Auto, Chimica per la Casa, Chimica per Giardinaggio, &#8230;<\/p>\n<p><a href=\"https:\/\/oilco.it\/wp-content\/uploads\/2018\/04\/Marketing_141.jpg\"><img loading=\"lazy\" decoding=\"async\" class=\"alignnone size-full wp-image-952\" src=\"https:\/\/oilco.it\/wp-content\/uploads\/2018\/04\/Marketing_141.jpg\" alt=\"\" width=\"176\" height=\"176\" srcset=\"https:\/\/oilco.it\/wp-content\/uploads\/2018\/04\/Marketing_141.jpg 176w, https:\/\/oilco.it\/wp-content\/uploads\/2018\/04\/Marketing_141-150x150.jpg 150w, https:\/\/oilco.it\/wp-content\/uploads\/2018\/04\/Marketing_141-160x160.jpg 160w, https:\/\/oilco.it\/wp-content\/uploads\/2018\/04\/Marketing_141-100x100.jpg 100w\" sizes=\"auto, (max-width: 176px) 100vw, 176px\" \/><\/a><\/p>\n<p>I Buoni sono disponibili nei seguenti tagli:<\/p>\n<p>100\u20ac<\/p>\n<p>200\u20ac<\/p>\n<p>300\u20ac<\/p>\n<p>400\u20ac<\/p>\n<p>500\u20ac<\/p>\n<p>600\u20ac<\/p>\n<p>700\u20ac<\/p>\n<p>800\u20ac<\/p>\n<p>&nbsp;<\/p>\n","protected":false},"excerpt":{"rendered":"<p>Buoni Regalo Prepagati OILCO Coupons Regalo da poter regalare a Clienti, Fornitori, Dipendenti oppure da utilizzare semplicemente come Credito Prepagato, i Ns. Buoni sono pagabili al portatore, hanno dei numeri di serie e sono interamente fatturabili e detraibili fiscalmente. A differenza dei buoni su supporto cartaceo quelli elettronici sono esclusivamente dei codici AlfaNumerici inviati via PEC (Posta Elettronica Certificata) all&#8217;acquirente, l&#8217;utilizzatore invece al momento dell&#8217;acquisto dovr\u00e0 solo fornire quei codici, il Gestore del Punto Vendita li verificher\u00e0 in tempo reale ed il pagamento sar\u00e0 terminato in quel modo: FORNENDO UN CODICE! Il Portatore potr\u00e0 acquistare: servizi di autoriparazioni tagliandi sostituzione freni pneumatici meccatronica (informatica dell&#8217;auto ed elettrauto) accessori auto (tergicristalli, lampade,tappetini, batterie) prodotti per l&#8217;auto (lavaggio, cura, chimica) lubrificanti servizi di revisione MCTC servizi di manutenzione climatizzatori auto ricariche climatizzatori auto drink &amp; food detergenti tutta la gamma\u00a0 di Servizi e Prodotti del settore Automotive, Bevande, Alimentari, Detergenti, Chimica per l&#8217;Auto, Chimica per la Casa, Chimica per Giardinaggio, &#8230; I Buoni sono disponibili nei seguenti tagli: 100\u20ac 200\u20ac 300\u20ac 400\u20ac 500\u20ac 600\u20ac 700\u20ac 800\u20ac &nbsp;<\/p>\n","protected":false},"featured_media":949,"comment_status":"open","ping_status":"closed","template":"","meta":[],"product_brand":[],"product_cat":[122,127,128],"product_tag":[129],"class_list":{"0":"post-948","1":"product","2":"type-product","3":"status-publish","4":"has-post-thumbnail","6":"product_cat-buoni-regalo","7":"product_cat-servizi-di-gestione-delle-flotte-di-autoveicoli","8":"product_cat-strumenti-di-marketing","9":"product_tag-coupons-regalo-elettronici","10":"repupress_customize_woocommerce_productom_class","12":"first","13":"instock","14":"taxable","15":"shipping-taxable","16":"product-type-simple"},"_links":{"self":[{"href":"https:\/\/oilco.it\/index.php?rest_route=\/wp\/v2\/product\/948","targetHints":{"allow":["GET"]}}],"collection":[{"href":"https:\/\/oilco.it\/index.php?rest_route=\/wp\/v2\/product"}],"about":[{"href":"https:\/\/oilco.it\/index.php?rest_route=\/wp\/v2\/types\/product"}],"replies":[{"embeddable":true,"href":"https:\/\/oilco.it\/index.php?rest_route=%2Fwp%2Fv2%2Fcomments&post=948"}],"wp:featuredmedia":[{"embeddable":true,"href":"https:\/\/oilco.it\/index.php?rest_route=\/wp\/v2\/media\/949"}],"wp:attachment":[{"href":"https:\/\/oilco.it\/index.php?rest_route=%2Fwp%2Fv2%2Fmedia&parent=948"}],"wp:term":[{"taxonomy":"product_brand","embeddable":true,"href":"https:\/\/oilco.it\/index.php?rest_route=%2Fwp%2Fv2%2Fproduct_brand&post=948"},{"taxonomy":"product_cat","embeddable":true,"href":"https:\/\/oilco.it\/index.php?rest_route=%2Fwp%2Fv2%2Fproduct_cat&post=948"},{"taxonomy":"product_tag","embeddable":true,"href":"https:\/\/oilco.it\/index.php?rest_route=%2Fwp%2Fv2%2Fproduct_tag&post=948"}],"curies":[{"name":"wp","href":"https:\/\/api.w.org\/{rel}","templated":true}]}}