{"id":832,"date":"2018-03-21T16:28:04","date_gmt":"2018-03-21T16:28:04","guid":{"rendered":"http:\/\/oilco.it\/?post_type=product&#038;p=832"},"modified":"2018-03-21T16:30:10","modified_gmt":"2018-03-21T16:30:10","slug":"additivo-multifunzione-diesel-125ml-rhutten","status":"publish","type":"product","link":"https:\/\/oilco.it\/?product=additivo-multifunzione-diesel-125ml-rhutten","title":{"rendered":"ADDITIVO MULTIFUNZIONE DIESEL 125ml Rhutten"},"content":{"rendered":"<h2>Descrizione prodotto<\/h2>\n<p>Speciale trattamento per pulire e mantenere efficiente l\u2019impianto di alimentazione (iniettori, valvole..) di tutti i motori diesel, sia di vecchia che nuova concezione (Euro 4, 5 e 6). Ottimo per sistemi di iniezione di ultima generazione ad alta pressione. Aiuta inoltre a mantenere puliti i sistemi antinquinamento con filtri antiparticolato. Aumenta il numero di cetano, migliora le prestazioni, ottimizza i consumi, riduce la rumorosit\u00e0 e fumosit\u00e0. Aumenta la propriet\u00e0 lubrificante del gasolio, proteggendo la pompa e gli iniettori da premature usure.<br \/>\n<b>Modalit\u00e0 d\u2019uso:<\/b>\u00a0introdurre tutto il contenuto del flacone nel serbatoio prima del rifornimento.<\/p>\n<p>Ripetere l\u2019operazione ogni 2000 km.<\/p>\n<p>Per una pulizia straordinaria raddoppiare la dose.<\/p>\n<p>Un sovradosaggio non reca alcun danno al motore.<\/p>\n","protected":false},"excerpt":{"rendered":"<p>Descrizione prodotto Speciale trattamento per pulire e mantenere efficiente l\u2019impianto di alimentazione (iniettori, valvole..) di tutti i motori diesel, sia di vecchia che nuova concezione (Euro 4, 5 e 6). Ottimo per sistemi di iniezione di ultima generazione ad alta pressione. Aiuta inoltre a mantenere puliti i sistemi antinquinamento con filtri antiparticolato. Aumenta il numero di cetano, migliora le prestazioni, ottimizza i consumi, riduce la rumorosit\u00e0 e fumosit\u00e0. Aumenta la propriet\u00e0 lubrificante del gasolio, proteggendo la pompa e gli iniettori da premature usure. Modalit\u00e0 d\u2019uso:\u00a0introdurre tutto il contenuto del flacone nel serbatoio prima del rifornimento. Ripetere l\u2019operazione ogni 2000 km. Per una pulizia straordinaria raddoppiare la dose. Un sovradosaggio non reca alcun danno al motore.<\/p>\n","protected":false},"featured_media":833,"comment_status":"open","ping_status":"closed","template":"","meta":[],"product_brand":[],"product_cat":[11],"product_tag":[106],"class_list":{"0":"post-832","1":"product","2":"type-product","3":"status-publish","4":"has-post-thumbnail","6":"product_cat-additivi","7":"product_tag-additivo-rhutten-diesel-multifunzione","8":"repupress_customize_woocommerce_productom_class","10":"first","11":"instock","12":"sale","13":"taxable","14":"shipping-taxable","15":"purchasable","16":"product-type-simple"},"_links":{"self":[{"href":"https:\/\/oilco.it\/index.php?rest_route=\/wp\/v2\/product\/832","targetHints":{"allow":["GET"]}}],"collection":[{"href":"https:\/\/oilco.it\/index.php?rest_route=\/wp\/v2\/product"}],"about":[{"href":"https:\/\/oilco.it\/index.php?rest_route=\/wp\/v2\/types\/product"}],"replies":[{"embeddable":true,"href":"https:\/\/oilco.it\/index.php?rest_route=%2Fwp%2Fv2%2Fcomments&post=832"}],"wp:featuredmedia":[{"embeddable":true,"href":"https:\/\/oilco.it\/index.php?rest_route=\/wp\/v2\/media\/833"}],"wp:attachment":[{"href":"https:\/\/oilco.it\/index.php?rest_route=%2Fwp%2Fv2%2Fmedia&parent=832"}],"wp:term":[{"taxonomy":"product_brand","embeddable":true,"href":"https:\/\/oilco.it\/index.php?rest_route=%2Fwp%2Fv2%2Fproduct_brand&post=832"},{"taxonomy":"product_cat","embeddable":true,"href":"https:\/\/oilco.it\/index.php?rest_route=%2Fwp%2Fv2%2Fproduct_cat&post=832"},{"taxonomy":"product_tag","embeddable":true,"href":"https:\/\/oilco.it\/index.php?rest_route=%2Fwp%2Fv2%2Fproduct_tag&post=832"}],"curies":[{"name":"wp","href":"https:\/\/api.w.org\/{rel}","templated":true}]}}