{"id":829,"date":"2018-03-21T16:25:51","date_gmt":"2018-03-21T16:25:51","guid":{"rendered":"http:\/\/oilco.it\/?post_type=product&#038;p=829"},"modified":"2018-03-21T16:27:21","modified_gmt":"2018-03-21T16:27:21","slug":"additivo-diesel-antigelo-21c-125ml-rhutten","status":"publish","type":"product","link":"https:\/\/oilco.it\/?product=additivo-diesel-antigelo-21c-125ml-rhutten","title":{"rendered":"ADDITIVO DIESEL ANTIGELO -21\u00b0C 125ml Rhutten"},"content":{"rendered":"<h2>Descrizione prodotto<\/h2>\n<p>Efficace fino a -21\u00b0C, in base alla tipologia e alla qualit\u00e0 del gasolio. In caso di gasolio gi\u00e0 pretrattato (Artico o Alpino) pu\u00f2 assicurare una protezione fino a -31\u00b0C. Da utilizzare su tutti i motori diesel, sia di vecchia che nuova concezione (Euro 4, 5 e 6), anche quelli con sistemi antinquinamento di ultima generazione con filtri antiparticolato. Aumenta il numero di cetano, migliorando le prestazioni del motore e facilitando le partenze a freddo.<br \/>\n<b>Modalit\u00e0 d\u2019uso:<\/b>\u00a0introdurre tutto il contenuto del flacone nel serbatoio prima del rifornimento, possibilmente prima che la temperatura scenda sotto 0\u00b0C. Un sovradosaggio non reca alcun danno al motore.<\/p>\n","protected":false},"excerpt":{"rendered":"<p>Descrizione prodotto Efficace fino a -21\u00b0C, in base alla tipologia e alla qualit\u00e0 del gasolio. In caso di gasolio gi\u00e0 pretrattato (Artico o Alpino) pu\u00f2 assicurare una protezione fino a -31\u00b0C. Da utilizzare su tutti i motori diesel, sia di vecchia che nuova concezione (Euro 4, 5 e 6), anche quelli con sistemi antinquinamento di ultima generazione con filtri antiparticolato. Aumenta il numero di cetano, migliorando le prestazioni del motore e facilitando le partenze a freddo. Modalit\u00e0 d\u2019uso:\u00a0introdurre tutto il contenuto del flacone nel serbatoio prima del rifornimento, possibilmente prima che la temperatura scenda sotto 0\u00b0C. Un sovradosaggio non reca alcun danno al motore.<\/p>\n","protected":false},"featured_media":831,"comment_status":"open","ping_status":"closed","template":"","meta":[],"product_brand":[],"product_cat":[11],"product_tag":[105],"class_list":{"0":"post-829","1":"product","2":"type-product","3":"status-publish","4":"has-post-thumbnail","6":"product_cat-additivi","7":"product_tag-additivo-antigelo-diesel","8":"repupress_customize_woocommerce_productom_class","10":"first","11":"instock","12":"sale","13":"taxable","14":"shipping-taxable","15":"purchasable","16":"product-type-simple"},"_links":{"self":[{"href":"https:\/\/oilco.it\/index.php?rest_route=\/wp\/v2\/product\/829","targetHints":{"allow":["GET"]}}],"collection":[{"href":"https:\/\/oilco.it\/index.php?rest_route=\/wp\/v2\/product"}],"about":[{"href":"https:\/\/oilco.it\/index.php?rest_route=\/wp\/v2\/types\/product"}],"replies":[{"embeddable":true,"href":"https:\/\/oilco.it\/index.php?rest_route=%2Fwp%2Fv2%2Fcomments&post=829"}],"wp:featuredmedia":[{"embeddable":true,"href":"https:\/\/oilco.it\/index.php?rest_route=\/wp\/v2\/media\/831"}],"wp:attachment":[{"href":"https:\/\/oilco.it\/index.php?rest_route=%2Fwp%2Fv2%2Fmedia&parent=829"}],"wp:term":[{"taxonomy":"product_brand","embeddable":true,"href":"https:\/\/oilco.it\/index.php?rest_route=%2Fwp%2Fv2%2Fproduct_brand&post=829"},{"taxonomy":"product_cat","embeddable":true,"href":"https:\/\/oilco.it\/index.php?rest_route=%2Fwp%2Fv2%2Fproduct_cat&post=829"},{"taxonomy":"product_tag","embeddable":true,"href":"https:\/\/oilco.it\/index.php?rest_route=%2Fwp%2Fv2%2Fproduct_tag&post=829"}],"curies":[{"name":"wp","href":"https:\/\/api.w.org\/{rel}","templated":true}]}}