{"id":595,"date":"2018-03-07T11:41:48","date_gmt":"2018-03-07T11:41:48","guid":{"rendered":"http:\/\/oilco.it\/?post_type=product&#038;p=595"},"modified":"2018-03-07T11:41:48","modified_gmt":"2018-03-07T11:41:48","slug":"pulitore-tessuti-c-spazzola-400ml-spray-rhutten","status":"publish","type":"product","link":"https:\/\/oilco.it\/?product=pulitore-tessuti-c-spazzola-400ml-spray-rhutten","title":{"rendered":"PULITORE TESSUTI C\/SPAZZOLA 400ml SPRAY Rhutten"},"content":{"rendered":"<h2>Descrizione prodotto<\/h2>\n<p>Pulitore specifico per la pulizia di qualsiasi tipo di tessuto, dotato di pratica spazzolina per l\u2019applicazione. La schiuma attiva, coadiuvata dall\u2019uso della spazzolina, penetra a fondo nelle fibre ammorbidendo e rimuovendo lo sporco pi\u00f9 facilmente, facendo cos\u00ec risaltare ancor di pi\u00f9 i colori dei tessuti. Prodotto ad azione disodorante, ideale per la pulizia degli interni dell\u2019auto (sedili, rivestimenti e moquette..), ottimo anche per divani, poltrone, tappeti.. in casa e in ufficio. Durante e dopo l\u2019uso, il prodotto rilascia un gradevole profumo e sensazione di pulito.<\/p>\n<p><b>Modalit\u00e0 d\u2019uso<\/b>: agitare la bombola, spruzzare uniformemente sulla parte da ca. 20 cm, lasciare agire per 2 minuti circa, spruzzare nuovamente e spazzolare delicatamente con la spazzolina in dotazione, compiendo movimenti incrociati per ca. 1 minuto. Per un miglior risultato, si consiglia di asportare subito il prodotto mediante un aspirapolvere, o in assenza, lasciare asciugare e spazzolare con una spazzola per tessuti. Operare su piccole porzioni di ca. 1\/4 mq alla volta. Ripetere l\u2019operazione pi\u00f9 volte se le superfici sono molto sporche. Su sporchi accidentali, intervenire quanto prima asportando l\u2019eccesso di prodotto che ha causato la macchia con una spatolina (es. gelato, cioccolato, salsa..), poi procedere con l\u2019applicazione del Pulitore Tessuti.<\/p>\n<p>Codice Art:\u00a0<span class=\"sku\">180716<\/span><\/p>\n<p><a href=\"https:\/\/oilco.it\/wp-content\/uploads\/2018\/02\/180716-Pulitore-Tessuti-c_spazzola-400ml-300x300.jpg\"><img loading=\"lazy\" decoding=\"async\" class=\"alignnone size-full wp-image-492\" src=\"https:\/\/oilco.it\/wp-content\/uploads\/2018\/02\/180716-Pulitore-Tessuti-c_spazzola-400ml-300x300.jpg\" alt=\"\" width=\"300\" height=\"300\" srcset=\"https:\/\/oilco.it\/wp-content\/uploads\/2018\/02\/180716-Pulitore-Tessuti-c_spazzola-400ml-300x300.jpg 300w, https:\/\/oilco.it\/wp-content\/uploads\/2018\/02\/180716-Pulitore-Tessuti-c_spazzola-400ml-300x300-150x150.jpg 150w, https:\/\/oilco.it\/wp-content\/uploads\/2018\/02\/180716-Pulitore-Tessuti-c_spazzola-400ml-300x300-100x100.jpg 100w, https:\/\/oilco.it\/wp-content\/uploads\/2018\/02\/180716-Pulitore-Tessuti-c_spazzola-400ml-300x300-160x160.jpg 160w\" sizes=\"auto, (max-width: 300px) 100vw, 300px\" \/><\/a><\/p>\n","protected":false},"excerpt":{"rendered":"<p>Descrizione prodotto Pulitore specifico per la pulizia di qualsiasi tipo di tessuto, dotato di pratica spazzolina per l\u2019applicazione. La schiuma attiva, coadiuvata dall\u2019uso della spazzolina, penetra a fondo nelle fibre ammorbidendo e rimuovendo lo sporco pi\u00f9 facilmente, facendo cos\u00ec risaltare ancor di pi\u00f9 i colori dei tessuti. Prodotto ad azione disodorante, ideale per la pulizia degli interni dell\u2019auto (sedili, rivestimenti e moquette..), ottimo anche per divani, poltrone, tappeti.. in casa e in ufficio. Durante e dopo l\u2019uso, il prodotto rilascia un gradevole profumo e sensazione di pulito. Modalit\u00e0 d\u2019uso: agitare la bombola, spruzzare uniformemente sulla parte da ca. 20 cm, lasciare agire per 2 minuti circa, spruzzare nuovamente e spazzolare delicatamente con la spazzolina in dotazione, compiendo movimenti incrociati per ca. 1 minuto. Per un miglior risultato, si consiglia di asportare subito il prodotto mediante un aspirapolvere, o in assenza, lasciare asciugare e spazzolare con una spazzola per tessuti. Operare su piccole porzioni di ca. 1\/4 mq alla volta. Ripetere l\u2019operazione pi\u00f9 volte se le superfici sono molto sporche. Su sporchi accidentali, intervenire quanto prima asportando l\u2019eccesso di prodotto che ha causato la macchia con una spatolina (es. gelato, cioccolato, salsa..), poi procedere con l\u2019applicazione del Pulitore Tessuti. Codice Art:\u00a0180716<\/p>\n","protected":false},"featured_media":473,"comment_status":"open","ping_status":"closed","template":"","meta":[],"product_brand":[],"product_cat":[54],"product_tag":[],"class_list":{"0":"post-595","1":"product","2":"type-product","3":"status-publish","4":"has-post-thumbnail","6":"product_cat-cura-dellauto-interni","7":"repupress_customize_woocommerce_productom_class","9":"first","10":"instock","11":"sale","12":"sold-individually","13":"taxable","14":"shipping-taxable","15":"purchasable","16":"product-type-simple"},"_links":{"self":[{"href":"https:\/\/oilco.it\/index.php?rest_route=\/wp\/v2\/product\/595","targetHints":{"allow":["GET"]}}],"collection":[{"href":"https:\/\/oilco.it\/index.php?rest_route=\/wp\/v2\/product"}],"about":[{"href":"https:\/\/oilco.it\/index.php?rest_route=\/wp\/v2\/types\/product"}],"replies":[{"embeddable":true,"href":"https:\/\/oilco.it\/index.php?rest_route=%2Fwp%2Fv2%2Fcomments&post=595"}],"wp:featuredmedia":[{"embeddable":true,"href":"https:\/\/oilco.it\/index.php?rest_route=\/wp\/v2\/media\/473"}],"wp:attachment":[{"href":"https:\/\/oilco.it\/index.php?rest_route=%2Fwp%2Fv2%2Fmedia&parent=595"}],"wp:term":[{"taxonomy":"product_brand","embeddable":true,"href":"https:\/\/oilco.it\/index.php?rest_route=%2Fwp%2Fv2%2Fproduct_brand&post=595"},{"taxonomy":"product_cat","embeddable":true,"href":"https:\/\/oilco.it\/index.php?rest_route=%2Fwp%2Fv2%2Fproduct_cat&post=595"},{"taxonomy":"product_tag","embeddable":true,"href":"https:\/\/oilco.it\/index.php?rest_route=%2Fwp%2Fv2%2Fproduct_tag&post=595"}],"curies":[{"name":"wp","href":"https:\/\/api.w.org\/{rel}","templated":true}]}}