{"id":1124,"date":"2018-10-11T11:01:41","date_gmt":"2018-10-11T11:01:41","guid":{"rendered":"http:\/\/oilco.it\/?post_type=product&#038;p=1124"},"modified":"2018-10-11T11:01:41","modified_gmt":"2018-10-11T11:01:41","slug":"shampoo-cera-autolucidante-1l","status":"publish","type":"product","link":"https:\/\/oilco.it\/?product=shampoo-cera-autolucidante-1l","title":{"rendered":"SHAMPOO-CERA AUTOLUCIDANTE 1L"},"content":{"rendered":"<h1 class=\"product_title entry-title\">SHAMPOO-CERA AUTOLUCIDANTE 1L<\/h1>\n<div class=\"description\">\n<p>Shampoo lucidante con effetto antipioggia<\/p>\n<p><a href=\"https:\/\/oilco.it\/wp-content\/uploads\/2018\/10\/180615-Shampoo-Cera-Autolucidante-1L-600x600.jpg\"><img loading=\"lazy\" decoding=\"async\" class=\"alignnone size-medium wp-image-1125\" src=\"https:\/\/oilco.it\/wp-content\/uploads\/2018\/10\/180615-Shampoo-Cera-Autolucidante-1L-600x600-300x300.jpg\" alt=\"\" width=\"300\" height=\"300\" srcset=\"https:\/\/oilco.it\/wp-content\/uploads\/2018\/10\/180615-Shampoo-Cera-Autolucidante-1L-600x600-300x300.jpg 300w, https:\/\/oilco.it\/wp-content\/uploads\/2018\/10\/180615-Shampoo-Cera-Autolucidante-1L-600x600-150x150.jpg 150w, https:\/\/oilco.it\/wp-content\/uploads\/2018\/10\/180615-Shampoo-Cera-Autolucidante-1L-600x600.jpg 600w, https:\/\/oilco.it\/wp-content\/uploads\/2018\/10\/180615-Shampoo-Cera-Autolucidante-1L-600x600-160x160.jpg 160w, https:\/\/oilco.it\/wp-content\/uploads\/2018\/10\/180615-Shampoo-Cera-Autolucidante-1L-600x600-100x100.jpg 100w\" sizes=\"auto, (max-width: 300px) 100vw, 300px\" \/><\/a><\/p>\n<\/div>\n<h2>Descrizione prodotto<\/h2>\n<p>Emulsione detergente e cerante formulata per il lavaggio manuale di auto, moto e veicoli in genere. Durante il lavaggio, il prodotto rilascia una cera con funzione idrorepellente, auto-asciugante, ravvivante, protettiva e antistatica con effetto a lunga durata. Lo shampoo inoltre dona ai vetri un \u201ceffetto antipioggia\u201d facilitando la funzione dei tergicristalli. Non lascia antiestetici residui o aloni in genere.<br \/>\n<b>Modalit\u00e0 d\u2019uso:<\/b>\u00a0eliminare eventuali tracce di terra dalla carrozzeria con un forte getto d\u2019acqua. Diluire da 100 a 200 grammi di prodotto (poco pi\u00f9 di 1 bicchierino da caff\u00e8 fino a 3 bicchierini) in un secchio contenente circa 5 L di acqua. La quantit\u00e0 di cui sopra dipende dalla frequenza del lavaggio e dalla performance che si vuole ottenere. Procedere quindi al normale lavaggio spugnando bene le superfici. Infine risciacquare.<\/p>\n<div id=\"metaslider-id-1066\" style=\"max-width: 250px; margin: 0 auto;\" class=\"ml-slider-3-97-0 metaslider metaslider-coin metaslider-1066 ml-slider ms-theme-default\" role=\"region\" aria-roledescription=\"Slideshow\" aria-label=\"Car Maintenance\" data-width=\"250\">\n    <div id=\"metaslider_container_1066\">\n        <div id='metaslider_1066' class='coin-slider'>\n<a href=\"javascript:void(0)\" target=\"_self\"><img loading=\"lazy\" decoding=\"async\" src=\"https:\/\/oilco.it\/wp-content\/uploads\/2014\/10\/OILCO-Logo-Oval-2-250x200.jpg\" height=\"200\" width=\"250\" alt=\"\" class=\"slider-1066 slide-1067\" title=\"OILCO - Logo - Oval (2)\" style=\"display: none;\" \/><\/a>\n<a href=\"javascript:void(0)\" target=\"_self\"><img loading=\"lazy\" decoding=\"async\" src=\"https:\/\/oilco.it\/wp-content\/uploads\/2018\/03\/manutenzione-auto-new-300x300-250x200.jpg\" height=\"200\" width=\"250\" alt=\"\" class=\"slider-1066 slide-1073\" title=\"manutenzione-auto-new-300x300\" style=\"display: none;\" \/><\/a>\n<a href=\"javascript:void(0)\" target=\"_self\"><img loading=\"lazy\" decoding=\"async\" src=\"https:\/\/oilco.it\/wp-content\/uploads\/2014\/10\/Maintenance_02-250x200.jpg\" height=\"200\" width=\"250\" alt=\"\" class=\"slider-1066 slide-1069\" title=\"Maintenance_02\" style=\"display: none;\" \/><\/a>\n<a href=\"javascript:void(0)\" target=\"_self\"><img loading=\"lazy\" decoding=\"async\" src=\"https:\/\/oilco.it\/wp-content\/uploads\/2014\/10\/AUTO-SERVICE-0023-250x200.jpg\" height=\"200\" width=\"250\" alt=\"\" class=\"slider-1066 slide-1068\" title=\"AUTO SERVICE - 0023\" style=\"display: none;\" \/><\/a>\n<a href=\"javascript:void(0)\" target=\"_self\"><img loading=\"lazy\" decoding=\"async\" src=\"https:\/\/oilco.it\/wp-content\/uploads\/2018\/03\/IMG_20180214_094145-300x220-250x200.jpg\" height=\"200\" width=\"250\" alt=\"\" class=\"slider-1066 slide-1070\" title=\"sdr\" style=\"display: none;\" \/><span>sdr<\/span><\/a>\n<a href=\"javascript:void(0)\" target=\"_self\"><img loading=\"lazy\" decoding=\"async\" src=\"https:\/\/oilco.it\/wp-content\/uploads\/2018\/03\/IMG_20180214_094114-292x220-250x200.jpg\" height=\"200\" width=\"250\" alt=\"\" class=\"slider-1066 slide-1071\" title=\"sdr\" style=\"display: none;\" \/><span>sdr<\/span><\/a>\n<a href=\"javascript:void(0)\" target=\"_self\"><img loading=\"lazy\" decoding=\"async\" src=\"https:\/\/oilco.it\/wp-content\/uploads\/2018\/03\/Exxonmobil_station_00-250x200.jpg\" height=\"200\" width=\"250\" alt=\"\" class=\"slider-1066 slide-1072\" title=\"Exxonmobil_station_00\" style=\"display: none;\" \/><\/a>\n<a href=\"javascript:void(0)\" target=\"_self\"><img loading=\"lazy\" decoding=\"async\" src=\"https:\/\/oilco.it\/wp-content\/uploads\/2018\/03\/Remsa-Products-3-250x200.jpg\" height=\"200\" width=\"250\" alt=\"\" class=\"slider-1066 slide-1074\" title=\"Remsa - Products 3\" style=\"display: none;\" \/><\/a>\n<a href=\"javascript:void(0)\" target=\"_self\"><img loading=\"lazy\" decoding=\"async\" src=\"https:\/\/oilco.it\/wp-content\/uploads\/2018\/03\/Remsa-Products-1-250x200.jpg\" height=\"200\" width=\"250\" alt=\"\" class=\"slider-1066 slide-1075\" title=\"Remsa - Products 1\" style=\"display: none;\" \/><\/a>\n<a href=\"javascript:void(0)\" target=\"_self\"><img loading=\"lazy\" decoding=\"async\" src=\"https:\/\/oilco.it\/wp-content\/uploads\/2018\/03\/Remsa-Products-2-250x200.jpg\" height=\"200\" width=\"250\" alt=\"\" class=\"slider-1066 slide-1076\" title=\"Remsa - Products 2\" style=\"display: none;\" \/><\/a>\n<a href=\"javascript:void(0)\" target=\"_self\"><img loading=\"lazy\" decoding=\"async\" src=\"https:\/\/oilco.it\/wp-content\/uploads\/2018\/03\/Jurid-Product-pack-1-250x200.jpg\" height=\"200\" width=\"250\" alt=\"\" class=\"slider-1066 slide-1077\" title=\"Jurid - Product pack 1\" style=\"display: none;\" \/><\/a>\n<a href=\"javascript:void(0)\" target=\"_self\"><img loading=\"lazy\" decoding=\"async\" src=\"https:\/\/oilco.it\/wp-content\/uploads\/2018\/03\/Jurid-Product-pack-2-250x200.jpg\" height=\"200\" width=\"250\" alt=\"\" class=\"slider-1066 slide-1078\" title=\"Jurid - Product pack 2\" style=\"display: none;\" \/><\/a>\n<a href=\"javascript:void(0)\" target=\"_self\"><img loading=\"lazy\" decoding=\"async\" src=\"https:\/\/oilco.it\/wp-content\/uploads\/2018\/03\/Jurid-Products-logo-250x200.jpg\" height=\"200\" width=\"250\" alt=\"\" class=\"slider-1066 slide-1079\" title=\"Jurid - Products logo\" style=\"display: none;\" \/><\/a>\n<a href=\"javascript:void(0)\" target=\"_self\"><img loading=\"lazy\" decoding=\"async\" src=\"https:\/\/oilco.it\/wp-content\/uploads\/2018\/03\/Remsa-Products-4-250x200.jpg\" height=\"200\" width=\"250\" alt=\"\" class=\"slider-1066 slide-1080\" title=\"Brak\" style=\"display: none;\" \/><\/a>\n<a href=\"javascript:void(0)\" target=\"_self\"><img loading=\"lazy\" decoding=\"async\" src=\"https:\/\/oilco.it\/wp-content\/uploads\/2018\/03\/Frenesa-Products-2-250x200.jpg\" height=\"200\" width=\"250\" alt=\"\" class=\"slider-1066 slide-1081\" title=\"Frenesa - Products 2\" style=\"display: none;\" \/><\/a>\n<a href=\"javascript:void(0)\" target=\"_self\"><img loading=\"lazy\" decoding=\"async\" src=\"https:\/\/oilco.it\/wp-content\/uploads\/2016\/04\/Exxonmobil_station_00_325x200-250x200.jpg\" height=\"200\" width=\"250\" alt=\"\" class=\"slider-1066 slide-1082\" title=\"Exxonmobil_station_00_325x200\" style=\"display: none;\" \/><\/a>\n<a href=\"javascript:void(0)\" target=\"_self\"><img loading=\"lazy\" decoding=\"async\" src=\"https:\/\/oilco.it\/wp-content\/uploads\/2016\/04\/Maintenance_18_325x200-250x200.jpg\" height=\"200\" width=\"250\" alt=\"\" class=\"slider-1066 slide-1083\" title=\"Maintenance_18_325x200\" style=\"display: none;\" \/><\/a>\n<a href=\"javascript:void(0)\" target=\"_self\"><img loading=\"lazy\" decoding=\"async\" src=\"https:\/\/oilco.it\/wp-content\/uploads\/2016\/04\/Maintenance_17-Copia-250x200.jpg\" height=\"200\" width=\"250\" alt=\"\" class=\"slider-1066 slide-1084\" title=\"Maintenance_17 - Copia\" style=\"display: none;\" \/><\/a>\n<a href=\"javascript:void(0)\" target=\"_self\"><img loading=\"lazy\" decoding=\"async\" src=\"https:\/\/oilco.it\/wp-content\/uploads\/2016\/04\/OILCO-LOGO-Auto-Service-002_1-200x45-250x200.jpg\" height=\"200\" width=\"250\" alt=\"OILCO Auto Service\" class=\"slider-1066 slide-1085\" title=\"OILCO - LOGO - Auto Service - 002_1 200x45\" style=\"display: none;\" \/><span>OILCO Auto Service<\/span><\/a>\n<a href=\"javascript:void(0)\" target=\"_self\"><img loading=\"lazy\" decoding=\"async\" src=\"https:\/\/oilco.it\/wp-content\/uploads\/2016\/04\/Maintenance_09-Copia-250x200.jpg\" height=\"200\" width=\"250\" alt=\"\" class=\"slider-1066 slide-1091\" title=\"Maintenance_09 - Copia\" style=\"display: none;\" \/><\/a>\n<a href=\"javascript:void(0)\" target=\"_self\"><img loading=\"lazy\" decoding=\"async\" src=\"https:\/\/oilco.it\/wp-content\/uploads\/2016\/04\/Maintenance_11_100x100-250x200.jpg\" height=\"200\" width=\"250\" alt=\"\" class=\"slider-1066 slide-1086\" title=\"Maintenance_11_100x100\" style=\"display: none;\" \/><\/a>\n<a href=\"javascript:void(0)\" target=\"_self\"><img loading=\"lazy\" decoding=\"async\" src=\"https:\/\/oilco.it\/wp-content\/uploads\/2016\/04\/Maintenance_10-250x200.jpg\" height=\"200\" width=\"250\" alt=\"\" class=\"slider-1066 slide-1088\" title=\"Maintenance_10\" style=\"display: none;\" \/><\/a>\n<a href=\"javascript:void(0)\" target=\"_self\"><img loading=\"lazy\" decoding=\"async\" src=\"https:\/\/oilco.it\/wp-content\/uploads\/2016\/04\/Maintenance_12-250x200.jpg\" height=\"200\" width=\"250\" alt=\"\" class=\"slider-1066 slide-1087\" title=\"Maintenance_12\" style=\"display: none;\" \/><\/a>\n<a href=\"javascript:void(0)\" target=\"_self\"><img loading=\"lazy\" decoding=\"async\" src=\"https:\/\/oilco.it\/wp-content\/uploads\/2016\/04\/Maintenance_14-250x200.jpg\" height=\"200\" width=\"250\" alt=\"\" class=\"slider-1066 slide-1089\" title=\"Maintenance_14\" style=\"display: none;\" \/><\/a>\n<a href=\"javascript:void(0)\" target=\"_self\"><img loading=\"lazy\" decoding=\"async\" src=\"https:\/\/oilco.it\/wp-content\/uploads\/2016\/04\/Maintenance_16-Copia-250x200.jpg\" height=\"200\" width=\"250\" alt=\"\" class=\"slider-1066 slide-1090\" title=\"3D Style Button &quot;Tools&quot;\" style=\"display: none;\" \/><\/a>\n<a href=\"javascript:void(0)\" target=\"_self\"><img loading=\"lazy\" decoding=\"async\" src=\"https:\/\/oilco.it\/wp-content\/uploads\/2016\/04\/Maintenance_08-250x200.jpg\" height=\"200\" width=\"250\" alt=\"\" class=\"slider-1066 slide-1092\" title=\"Maintenance_08\" style=\"display: none;\" \/><\/a>\n<a href=\"javascript:void(0)\" target=\"_self\"><img loading=\"lazy\" decoding=\"async\" src=\"https:\/\/oilco.it\/wp-content\/uploads\/2016\/04\/Maintenance_10-Copia-250x200.jpg\" height=\"200\" width=\"250\" alt=\"\" class=\"slider-1066 slide-1093\" title=\"Maintenance_10 - Copia\" style=\"display: none;\" \/><\/a>\n<a href=\"javascript:void(0)\" target=\"_self\"><img loading=\"lazy\" decoding=\"async\" src=\"https:\/\/oilco.it\/wp-content\/uploads\/2016\/04\/CAR-SERVICE-001-250x200.png\" height=\"200\" width=\"250\" alt=\"\" class=\"slider-1066 slide-1094\" title=\"CAR SERVICE 001\" style=\"display: none;\" \/><\/a>\n<a href=\"javascript:void(0)\" target=\"_self\"><img loading=\"lazy\" decoding=\"async\" src=\"https:\/\/oilco.it\/wp-content\/uploads\/2016\/04\/OILCO-Logo-Oval-512x512-250x200.jpg\" height=\"200\" width=\"250\" alt=\"\" class=\"slider-1066 slide-1095\" title=\"OILCO - Logo - Oval 512x512\" style=\"display: none;\" \/><\/a>\n<a href=\"javascript:void(0)\" target=\"_self\"><img loading=\"lazy\" decoding=\"async\" src=\"https:\/\/oilco.it\/wp-content\/uploads\/2016\/03\/AutoService_002-250x200.jpg\" height=\"200\" width=\"250\" alt=\"\" class=\"slider-1066 slide-1096\" title=\"AutoService_002\" style=\"display: none;\" \/><span>OILCO - Car Service - Manutenzione Autoveicoli\ncompetenza, trasparenza, massima coerenza, elevati standard professionali<\/span><\/a>\n<a href=\"javascript:void(0)\" target=\"_self\"><img loading=\"lazy\" decoding=\"async\" src=\"https:\/\/oilco.it\/wp-content\/uploads\/2016\/03\/AutoService_001-250x200.jpg\" height=\"200\" width=\"250\" alt=\"\" class=\"slider-1066 slide-1097\" title=\"AutoService_001\" style=\"display: none;\" \/><span>OILCO - Car Service - Manutenzione Autoveicoli\nControlli accurati dell'intero autoveicolo (come se fosse il nostro)<\/span><\/a>\n        <\/div>\n        \n    <\/div>\n<\/div>\n","protected":false},"excerpt":{"rendered":"<p>SHAMPOO-CERA AUTOLUCIDANTE 1L Shampoo lucidante con effetto antipioggia Descrizione prodotto Emulsione detergente e cerante formulata per il lavaggio manuale di auto, moto e veicoli in genere. Durante il lavaggio, il prodotto rilascia una cera con funzione idrorepellente, auto-asciugante, ravvivante, protettiva e antistatica con effetto a lunga durata. Lo shampoo inoltre dona ai vetri un \u201ceffetto antipioggia\u201d facilitando la funzione dei tergicristalli. Non lascia antiestetici residui o aloni in genere. Modalit\u00e0 d\u2019uso:\u00a0eliminare eventuali tracce di terra dalla carrozzeria con un forte getto d\u2019acqua. Diluire da 100 a 200 grammi di prodotto (poco pi\u00f9 di 1 bicchierino da caff\u00e8 fino a 3 bicchierini) in un secchio contenente circa 5 L di acqua. La quantit\u00e0 di cui sopra dipende dalla frequenza del lavaggio e dalla performance che si vuole ottenere. Procedere quindi al normale lavaggio spugnando bene le superfici. Infine risciacquare. sdr sdr OILCO Auto Service OILCO &#8211; Car Service &#8211; Manutenzione Autoveicoli competenza, trasparenza, massima coerenza, elevati standard professionali OILCO &#8211; Car Service &#8211; Manutenzione Autoveicoli Controlli accurati dell&#8217;intero autoveicolo (come se fosse il nostro)<\/p>\n","protected":false},"featured_media":0,"comment_status":"open","ping_status":"closed","template":"","meta":[],"product_brand":[],"product_cat":[8],"product_tag":[137],"class_list":{"0":"post-1124","1":"product","2":"type-product","3":"status-publish","5":"product_cat-car-washing","6":"product_tag-shampoo-cera-autolucidante","7":"repupress_customize_woocommerce_productom_class","9":"first","10":"instock","11":"sale","12":"sold-individually","13":"taxable","14":"shipping-taxable","15":"purchasable","16":"product-type-simple"},"_links":{"self":[{"href":"https:\/\/oilco.it\/index.php?rest_route=\/wp\/v2\/product\/1124","targetHints":{"allow":["GET"]}}],"collection":[{"href":"https:\/\/oilco.it\/index.php?rest_route=\/wp\/v2\/product"}],"about":[{"href":"https:\/\/oilco.it\/index.php?rest_route=\/wp\/v2\/types\/product"}],"replies":[{"embeddable":true,"href":"https:\/\/oilco.it\/index.php?rest_route=%2Fwp%2Fv2%2Fcomments&post=1124"}],"wp:attachment":[{"href":"https:\/\/oilco.it\/index.php?rest_route=%2Fwp%2Fv2%2Fmedia&parent=1124"}],"wp:term":[{"taxonomy":"product_brand","embeddable":true,"href":"https:\/\/oilco.it\/index.php?rest_route=%2Fwp%2Fv2%2Fproduct_brand&post=1124"},{"taxonomy":"product_cat","embeddable":true,"href":"https:\/\/oilco.it\/index.php?rest_route=%2Fwp%2Fv2%2Fproduct_cat&post=1124"},{"taxonomy":"product_tag","embeddable":true,"href":"https:\/\/oilco.it\/index.php?rest_route=%2Fwp%2Fv2%2Fproduct_tag&post=1124"}],"curies":[{"name":"wp","href":"https:\/\/api.w.org\/{rel}","templated":true}]}}